{"id":6671,"date":"2025-03-23T10:37:51","date_gmt":"2025-03-23T13:37:51","guid":{"rendered":"https:\/\/museuafro.ufma.br\/\/?page_id=6671"},"modified":"2025-03-23T10:38:17","modified_gmt":"2025-03-23T13:38:17","slug":"estagios","status":"publish","type":"page","link":"https:\/\/museuafro.ufma.br\/?page_id=6671","title":{"rendered":"Est\u00e1gios"},"content":{"rendered":"\n<p>O <strong>Museu Afro-digital<\/strong>, projeto de pesquisa e extens\u00e3o do Departamento de Sociologia e<br>Antropologia \u2013 DESOC\/UFMA, \u00e9 um dos lugares de est\u00e1gios dos discentes de<br>bacharelado e licenciatura do Curso de Ci\u00eancias Sociais da UFMA, uma vez que seu rico<br>e diversificado acervo possibilita aos seus estagi\u00e1rios:<\/p>\n\n\n\n<p>\u2013 Conhecer e aprofundar debates e reflex\u00f5es sobre os temas das culturas afro-<br>brasileiras, africanas e afro ind\u00edgenas no Maranh\u00e3o;<\/p>\n\n\n\n<p>\u2013 Contribuir na amplia\u00e7\u00e3o e fortalecimento da Lei 10.639\/03, que define a<br>obrigatoriedade do ensino de culturas afro-brasileiras e africanas; e da Lei 11.645\/08,<br>que obriga o ensino de culturas ind\u00edgenas, nas escolas brasileiras;<\/p>\n\n\n\n<p>\u2013 Aprofundar conhecimentos sobre o tema da Educa\u00e7\u00e3o, Patrim\u00f4nio e Tecnologia<\/p>\n\n\n\n<p>\u2013 Trabalhar e manusear o acervo etnogr\u00e1fico de culturas afro-brasileiras, africanas e<br>afro ind\u00edgenas, no Maranh\u00e3o e no Brasil;<\/p>\n\n\n\n<p>\u2013 Conhecer, de forma mais substancial, a rela\u00e7\u00e3o entre acervo, mem\u00f3ria e tecnologia;<\/p>\n\n\n\n<p><\/p>\n\n\n\n<p><\/p>\n","protected":false},"excerpt":{"rendered":"<p>O Museu Afro-digital, projeto de pesquisa e extens\u00e3o do Departamento de Sociologia eAntropologia \u2013 DESOC\/UFMA, \u00e9 um dos lugares de est\u00e1gios dos discentes debacharelado e licenciatura do Curso de Ci\u00eancias Sociais da UFMA, uma vez que seu ricoe diversificado acervo possibilita aos seus estagi\u00e1rios: \u2013 Conhecer e aprofundar debates e reflex\u00f5es sobre os temas das [&hellip;]<\/p>\n","protected":false},"author":1,"featured_media":0,"parent":0,"menu_order":0,"comment_status":"closed","ping_status":"closed","template":"","meta":{"_editorskit_title_hidden":false,"_editorskit_reading_time":0,"_editorskit_is_block_options_detached":false,"_editorskit_block_options_position":"{}","advanced_seo_description":"","jetpack_seo_html_title":"","jetpack_seo_noindex":false,"ngg_post_thumbnail":0,"footnotes":""},"class_list":["post-6671","page","type-page","status-publish","hentry"],"jetpack_sharing_enabled":true,"_links":{"self":[{"href":"https:\/\/museuafro.ufma.br\/index.php?rest_route=\/wp\/v2\/pages\/6671","targetHints":{"allow":["GET"]}}],"collection":[{"href":"https:\/\/museuafro.ufma.br\/index.php?rest_route=\/wp\/v2\/pages"}],"about":[{"href":"https:\/\/museuafro.ufma.br\/index.php?rest_route=\/wp\/v2\/types\/page"}],"author":[{"embeddable":true,"href":"https:\/\/museuafro.ufma.br\/index.php?rest_route=\/wp\/v2\/users\/1"}],"replies":[{"embeddable":true,"href":"https:\/\/museuafro.ufma.br\/index.php?rest_route=%2Fwp%2Fv2%2Fcomments&post=6671"}],"version-history":[{"count":2,"href":"https:\/\/museuafro.ufma.br\/index.php?rest_route=\/wp\/v2\/pages\/6671\/revisions"}],"predecessor-version":[{"id":6673,"href":"https:\/\/museuafro.ufma.br\/index.php?rest_route=\/wp\/v2\/pages\/6671\/revisions\/6673"}],"wp:attachment":[{"href":"https:\/\/museuafro.ufma.br\/index.php?rest_route=%2Fwp%2Fv2%2Fmedia&parent=6671"}],"curies":[{"name":"wp","href":"https:\/\/api.w.org\/{rel}","templated":true}]}}