{"id":5533,"date":"2021-11-19T14:38:47","date_gmt":"2021-11-19T17:38:47","guid":{"rendered":"https:\/\/museuafro.ufma.br\/?page_id=5533"},"modified":"2025-02-03T21:35:32","modified_gmt":"2025-02-04T00:35:32","slug":"apresentacao","status":"publish","type":"page","link":"https:\/\/museuafro.ufma.br\/?page_id=5533","title":{"rendered":"APRESENTA\u00c7\u00c3O"},"content":{"rendered":"\n<p>O Museu Afro Digital do Maranh\u00e3o \u2013 MAD\/MA-UFMA, vinculado ao Departamento de Sociologia e Antropologia \u2013 DESOC\/UFMA \u00e9 um Projeto de Extens\u00e3o da Universidade Federal do Maranh\u00e3o\/UFMA, que mant\u00e9m e atualiza acervo \u2013 etnogr\u00e1fico, bibliogr\u00e1fico, hist\u00f3rico-social, art\u00edstico-cultural \u2013 de culturas africanas, afro brasileiras e afro ind\u00edgenas no Estado do Maranh\u00e3o. \u00c9 coordenado pelos professores Dra. Marilande Martins Abreu (DESOC e PPGSA), e Ms. N\u00e9lio Guilhon, do Col\u00e9gio Universit\u00e1rio (COLUN-UFMA).<\/p>\n\n\n\n<p>As atividades e a\u00e7\u00f5es de pesquisa e extens\u00e3o do MAD\/MA-UFMA, s\u00e3o realizadas atrav\u00e9s do Grupo de Pesquisa Religi\u00e3o e Cultura Popular &#8211; GP Mina, que mant\u00e9m uma Linha de Pesquisa intitulada <em>Museu Afro Digital \u2013 MAD\/MA<\/em>, na qual executa-se projetos de pesquisas e extens\u00e3o ligados ao MAD\/MA, que cont\u00e9m um rico acervo que contribui para a valoriza\u00e7\u00e3o e (re)constru\u00e7\u00e3o de mem\u00f3rias das identidades negras,&nbsp; ind\u00edgenas e afro ind\u00edgenas &nbsp;no Estado do Maranh\u00e3o. Com \u00eanfase em comunidades quilombolas, pr\u00e1ticas rituais africanas, afro brasileiras, afro ind\u00edgenas, e festas da chamada cultura popular como o bumba-boi, Turmas de Samba, esse material disponibilizado no site do museuafro, \u00e9 decorrente de &nbsp;estudos etnogr\u00e1ficos dos antrop\u00f3logos Mundicarmo Rocha Ferretti e S\u00e9rgio Figueiredo Ferretti; e tamb\u00e9m de trabalhos produzidos por pesquisadoras e pesquisadores do &nbsp;MAD\/MA-UFMA.<\/p>\n\n\n\n<p>A equipe de trabalho do MAD\/MA-UFMA \u00e9 Multidisciplinar. Formada por antrop\u00f3logas, historiadores, mestre em tecnologia, artista pl\u00e1stico, soci\u00f3logos, estudantes de gradua\u00e7\u00e3o e p\u00f3s \u2013 gradua\u00e7\u00e3o em Cultura e Sociedade, Ci\u00eancias Sociais, Artes Visuais, Hist\u00f3ria. A equipe atua desenvolvendo estudos que articulam o MAD\/MA aos temas da Educa\u00e7\u00e3o, Patrim\u00f4nio e Tecnologia. E, congrega pesquisadores da UFMA, COLUN\/UFMA, UEMA, IFMA, SEDUC\/MA.<\/p>\n\n\n\n<p>As reuni\u00f5es da Linha de Pesquisa MAD\/MA ocorrem quinzenalmente, \u00e0s quintas feiras, 15:30h \u00e0s 17:00h, na Sala do GP Mina, e no formato on line, para discuss\u00e3o de textos, organiza\u00e7\u00e3o e manuten\u00e7\u00e3o do acervo do MAD\/MA. Al\u00e9m desse trabalho sistem\u00e1tico, os membros participam de eventos locais, nacionais e internacionais e, ainda outras atividades acad\u00eamicas. A equipe interdisciplinar, organiza, planeja e executa pesquisas que articulam o acervo do Museu Afro Digital do Maranh\u00e3o \u00e0 obrigatoriedade do ensino de culturas africanas, afro-brasileiras e ind\u00edgenas nas escolas de ensino fundamental e m\u00e9dio, bem como articula as discuss\u00f5es te\u00f3ricas em torno do tema sobre Educa\u00e7\u00e3o, Patrim\u00f4nio e Tecnologia.<\/p>\n\n\n\n<p>&nbsp;Integrante da Rede de Museu afro-brasileiros, O MAD\/MA-UFMA \u00e9 respons\u00e1vel pela salvaguarda de um rico acervo, fruto de mais de 40 anos de pesquisas antropol\u00f3gicas no Maranh\u00e3o. Esse acervo dialoga com as din\u00e2micas atuais de pesquisas que se orientam a partir de novas epistemologias, por isso tem muito a contribuir com a luta pelo resgate, manuten\u00e7\u00e3o e reconhecimento do patrim\u00f4nio material e imaterial de comunidades tradicionais,&nbsp; quilombolas e afro ind\u00edgenas do estado do Maranh\u00e3o.<\/p>\n\n\n\n<p>O Museu Afro ind\u00edgena Digital do Maranh\u00e3o, assim, \u00e9 um importante recurso metodol\u00f3gico para as pesquisas que discutem e problematizam \u00e0 cerca do tema dos acervos e minorias, mem\u00f3ria e resist\u00eancia, a partir da rela\u00e7\u00e3o entre Educa\u00e7\u00e3o, Patrim\u00f4nio e Tecnologia.<\/p>\n\n\n\n<blockquote class=\"wp-block-quote is-layout-flow wp-block-quote-is-layout-flow\">\n<p><strong>Marilande Martins Abreu<\/strong><br>Coordenadora MAD\/MA-UFMA<br><br><strong>MAD\/MA<\/strong><br>Grupo de Pesquisa: Religi\u00e3o e Cultura Popular \u2013 GP Mina<br>Linha de Pesquisa: Museu Afro Digital \u2013 MAD\/MA<br>E-mail: mdafro.desoc@ufma.br<\/p>\n<\/blockquote>\n","protected":false},"excerpt":{"rendered":"<p>O Museu Afro Digital do Maranh\u00e3o \u2013 MAD\/MA-UFMA, vinculado ao Departamento de Sociologia e Antropologia \u2013 DESOC\/UFMA \u00e9 um Projeto de Extens\u00e3o da Universidade Federal do Maranh\u00e3o\/UFMA, que mant\u00e9m e atualiza acervo \u2013 etnogr\u00e1fico, bibliogr\u00e1fico, hist\u00f3rico-social, art\u00edstico-cultural \u2013 de culturas africanas, afro brasileiras e afro ind\u00edgenas no Estado do Maranh\u00e3o. \u00c9 coordenado pelos professores Dra. [&hellip;]<\/p>\n","protected":false},"author":1,"featured_media":0,"parent":0,"menu_order":0,"comment_status":"closed","ping_status":"closed","template":"","meta":{"_editorskit_title_hidden":false,"_editorskit_reading_time":0,"_editorskit_is_block_options_detached":false,"_editorskit_block_options_position":"{}","advanced_seo_description":"","jetpack_seo_html_title":"","jetpack_seo_noindex":false,"ngg_post_thumbnail":0,"footnotes":""},"class_list":["post-5533","page","type-page","status-publish","hentry"],"jetpack_sharing_enabled":true,"_links":{"self":[{"href":"https:\/\/museuafro.ufma.br\/index.php?rest_route=\/wp\/v2\/pages\/5533","targetHints":{"allow":["GET"]}}],"collection":[{"href":"https:\/\/museuafro.ufma.br\/index.php?rest_route=\/wp\/v2\/pages"}],"about":[{"href":"https:\/\/museuafro.ufma.br\/index.php?rest_route=\/wp\/v2\/types\/page"}],"author":[{"embeddable":true,"href":"https:\/\/museuafro.ufma.br\/index.php?rest_route=\/wp\/v2\/users\/1"}],"replies":[{"embeddable":true,"href":"https:\/\/museuafro.ufma.br\/index.php?rest_route=%2Fwp%2Fv2%2Fcomments&post=5533"}],"version-history":[{"count":11,"href":"https:\/\/museuafro.ufma.br\/index.php?rest_route=\/wp\/v2\/pages\/5533\/revisions"}],"predecessor-version":[{"id":6664,"href":"https:\/\/museuafro.ufma.br\/index.php?rest_route=\/wp\/v2\/pages\/5533\/revisions\/6664"}],"wp:attachment":[{"href":"https:\/\/museuafro.ufma.br\/index.php?rest_route=%2Fwp%2Fv2%2Fmedia&parent=5533"}],"curies":[{"name":"wp","href":"https:\/\/api.w.org\/{rel}","templated":true}]}}